{"id":148,"date":"2024-03-27T13:56:18","date_gmt":"2024-03-27T16:56:18","guid":{"rendered":"http:\/\/192.168.0.15\/wordpress\/?page_id=148"},"modified":"2024-03-29T10:50:35","modified_gmt":"2024-03-29T13:50:35","slug":"especialidades","status":"publish","type":"page","link":"https:\/\/www.p2tec.com.br\/?page_id=148","title":{"rendered":"Especialidades"},"content":{"rendered":"\n<div class=\"wp-block-columns is-layout-flex wp-container-core-columns-is-layout-9d6595d7 wp-block-columns-is-layout-flex\">\n<div class=\"wp-block-column is-layout-flow wp-block-column-is-layout-flow\">\n<p><strong>Principais Atividades:<\/strong><\/p>\n\n\n\n<ul class=\"wp-block-list\">\n<li>Desenvolvimento de solu\u00e7\u00f5es\/sistemas atrav\u00e9s de aplicativos avan\u00e7ados em multi-thread, sockets em diferentes linguagens (PHP, Visual C++, C, C++, Perl, Shell Scripts, JS) com diferentes bancos de dados (Mysql, Oracle, No-SQL) em plataformas Web, Desktop e Mobile.<\/li>\n\n\n\n<li>Desenvolvimento de Solu\u00e7\u00f5es de firewall, filtros de conte\u00fado e monitoramento de rede.<\/li>\n\n\n\n<li>Desenvolvimento de aplicativos para nuvem, integrados a dispositivos m\u00f3veis e port\u00e1teis.<\/li>\n\n\n\n<li>Desenvolvimento de solu\u00e7\u00f5es para dispositivos embedded com processadores ARM, celulares, tablets e IOT.<\/li>\n\n\n\n<li>Seguran\u00e7a da informa\u00e7\u00e3o (pol\u00edticas, procedimentos, vlans, regras, antiv\u00edrus e processos de auditoria).<\/li>\n\n\n\n<li>Assessoria t\u00e9cnica e suporte avan\u00e7ado para empresas na \u00e1rea de infraestrutura de TI (Cloud, Redes, virtualiza\u00e7\u00e3o, ambientes Linux e Microsoft Windows).<\/li>\n\n\n\n<li>Assessoria t\u00e9cnica e suporte para empresas na \u00e1rea de sistemas.<\/li>\n\n\n\n<li>Administra\u00e7\u00e3o de Servidores em Ambiente Cloud-AWS e Azure.<\/li>\n\n\n\n<li>Implanta\u00e7\u00e3o de Sistemas de Monitoramento de Recursos de TI.<\/li>\n<\/ul>\n<\/div>\n\n\n\n<div class=\"wp-block-column is-layout-flow wp-block-column-is-layout-flow\">\n<p><strong>Algumas Solu\u00e7\u00f5es Desenvolvidas:<\/strong><\/p>\n\n\n\n<ul class=\"wp-block-list\">\n<li>Firewall corporativo.<\/li>\n\n\n\n<li>Controle de Impress\u00e3o.<\/li>\n\n\n\n<li>Controle de Internet e controle de Banda de rede.<\/li>\n\n\n\n<li>Sistema de Help-Desk.<\/li>\n\n\n\n<li>Sistema de controle de propaganda e m\u00eddias Digitais (IOT).<\/li>\n\n\n\n<li>Sistema de Transporte Executivo.<\/li>\n\n\n\n<li>Sistema de Workflow de Materiais e produ\u00e7\u00e3o de aulas.<\/li>\n\n\n\n<li>Sistema de controle de entrada por reconhecimento Facial.<\/li>\n<\/ul>\n\n\n\n<p><strong>Infraestrutura de TI<\/strong><\/p>\n\n\n\n<ul class=\"wp-block-list\">\n<li>Seguran\u00e7a da Informa\u00e7\u00e3o.<\/li>\n\n\n\n<li>Redes Corporativas.<\/li>\n\n\n\n<li>Redes em Ambiente Microsoft e Linux.<\/li>\n\n\n\n<li>Servidores em Ambiente Microsoft e Linux.<\/li>\n\n\n\n<li>Virtualiza\u00e7\u00e3o de Servidores.<\/li>\n\n\n\n<li>Storage corporativo.<\/li>\n\n\n\n<li>Backup.<\/li>\n\n\n\n<li>Redes sem FIO.<\/li>\n\n\n\n<li>Hospedagem em Nuvem<\/li>\n<\/ul>\n<\/div>\n<\/div>\n","protected":false},"excerpt":{"rendered":"<p>Principais Atividades: Algumas Solu\u00e7\u00f5es Desenvolvidas: Infraestrutura de TI<\/p>\n","protected":false},"author":1,"featured_media":0,"parent":0,"menu_order":0,"comment_status":"closed","ping_status":"closed","template":"","meta":{"footnotes":""},"class_list":["post-148","page","type-page","status-publish","hentry"],"_links":{"self":[{"href":"https:\/\/www.p2tec.com.br\/index.php?rest_route=\/wp\/v2\/pages\/148","targetHints":{"allow":["GET"]}}],"collection":[{"href":"https:\/\/www.p2tec.com.br\/index.php?rest_route=\/wp\/v2\/pages"}],"about":[{"href":"https:\/\/www.p2tec.com.br\/index.php?rest_route=\/wp\/v2\/types\/page"}],"author":[{"embeddable":true,"href":"https:\/\/www.p2tec.com.br\/index.php?rest_route=\/wp\/v2\/users\/1"}],"replies":[{"embeddable":true,"href":"https:\/\/www.p2tec.com.br\/index.php?rest_route=%2Fwp%2Fv2%2Fcomments&post=148"}],"version-history":[{"count":8,"href":"https:\/\/www.p2tec.com.br\/index.php?rest_route=\/wp\/v2\/pages\/148\/revisions"}],"predecessor-version":[{"id":459,"href":"https:\/\/www.p2tec.com.br\/index.php?rest_route=\/wp\/v2\/pages\/148\/revisions\/459"}],"wp:attachment":[{"href":"https:\/\/www.p2tec.com.br\/index.php?rest_route=%2Fwp%2Fv2%2Fmedia&parent=148"}],"curies":[{"name":"wp","href":"https:\/\/api.w.org\/{rel}","templated":true}]}}